{"id":303,"date":"2021-04-12T17:17:19","date_gmt":"2021-04-12T17:17:19","guid":{"rendered":"https:\/\/demo.creativethemes.com\/blocksy\/homi\/?page_id=303"},"modified":"2023-01-05T18:30:01","modified_gmt":"2023-01-05T17:30:01","slug":"blog","status":"publish","type":"page","link":"http:\/\/kfhvaeh.cluster031.hosting.ovh.net\/index.php\/blog\/","title":{"rendered":"Revue de presse"},"content":{"rendered":"\n<p><\/p>\n\n\n\n<p><\/p>\n\n\n\n<div class=\"wp-block-stackable-columns alignwide stk-block-columns stk-block stk-dc44dd2\" data-block-id=\"dc44dd2\"><div class=\"stk-row stk-inner-blocks stk-block-content stk-content-align stk-dc44dd2-column alignwide\">\n<div class=\"wp-block-stackable-column stk-block-column stk-block-column--v2 stk-column stk-block stk-1668e38\" data-block-id=\"1668e38\"><div class=\"stk-column-wrapper stk-block-column__content stk-container stk-1668e38-container stk--no-background stk--no-padding\"><div class=\"stk-block-content stk-inner-blocks stk-1668e38-inner-blocks\">\n<div class=\"wp-block-stackable-heading stk-block-heading stk-block stk-30e3d06\" id=\"em-metal-flash-em-n-151-rubrique-realisation-bureau-a-paris-7-eme-2022\" data-block-id=\"30e3d06\"><h2 class=\"stk-block-heading__text\"><em> M\u00e9tal Flash<\/em> n\u00b0151, rubrique R\u00e9alisation \u00abBureau \u00e0 Paris 7\u00e8me\u00bb, 2022<\/h2><\/div>\n\n\n\n<div class=\"wp-block-stackable-text stk-block-text stk-block stk-b041d4e\" data-block-id=\"b041d4e\"><p class=\"stk-block-text__text\">Un article sur la transformation d&rsquo;un ancien garage automobile en bureaux : <a href=\"http:\/\/kfhvaeh.cluster031.hosting.ovh.net\/wp-content\/uploads\/2023\/01\/MetalFlashN151_Octobre2022.pdf\" target=\"_blank\" rel=\"noreferrer noopener\">lire l&rsquo;article<\/a><\/p><\/div>\n\n\n\n<div class=\"wp-block-stackable-card stk-block-card stk-block stk-d31ec32 is-style-horizontal\" data-block-id=\"d31ec32\"><style>.stk-d31ec32 .stk-block-card__content{padding-left:48px !important}.stk-d31ec32 .stk-block-card__image{width:500px !important}@media screen and (max-width:1023px){.stk-d31ec32 .stk-block-card__image{width:300px !important}}@media screen and (max-width:767px){.stk-d31ec32 .stk-block-card__image{width:0px !important}}<\/style><div class=\"stk--no-padding stk-container stk-d31ec32-container stk--no-background stk--no-padding\"><figure class=\"stk-block-card__image stk-img-wrapper stk-image--shape-stretch\"><img loading=\"lazy\" decoding=\"async\" class=\"stk-img wp-image-905\" src=\"http:\/\/kfhvaeh.cluster031.hosting.ovh.net\/wp-content\/uploads\/2023\/01\/Capture-decran-2023-01-05-a-18.27.43.png\" width=\"1214\" height=\"1574\" srcset=\"http:\/\/kfhvaeh.cluster031.hosting.ovh.net\/wp-content\/uploads\/2023\/01\/Capture-decran-2023-01-05-a-18.27.43.png 1214w, http:\/\/kfhvaeh.cluster031.hosting.ovh.net\/wp-content\/uploads\/2023\/01\/Capture-decran-2023-01-05-a-18.27.43-231x300.png 231w, http:\/\/kfhvaeh.cluster031.hosting.ovh.net\/wp-content\/uploads\/2023\/01\/Capture-decran-2023-01-05-a-18.27.43-790x1024.png 790w, http:\/\/kfhvaeh.cluster031.hosting.ovh.net\/wp-content\/uploads\/2023\/01\/Capture-decran-2023-01-05-a-18.27.43-768x996.png 768w, http:\/\/kfhvaeh.cluster031.hosting.ovh.net\/wp-content\/uploads\/2023\/01\/Capture-decran-2023-01-05-a-18.27.43-1185x1536.png 1185w, http:\/\/kfhvaeh.cluster031.hosting.ovh.net\/wp-content\/uploads\/2023\/01\/Capture-decran-2023-01-05-a-18.27.43-300x389.png 300w, http:\/\/kfhvaeh.cluster031.hosting.ovh.net\/wp-content\/uploads\/2023\/01\/Capture-decran-2023-01-05-a-18.27.43-600x778.png 600w\" sizes=\"auto, (max-width: 1214px) 100vw, 1214px\" \/><\/figure><div class=\"stk-block-card__content\"><div class=\"stk-block-content stk-inner-blocks\">\n<div class=\"wp-block-stackable-heading stk-block-heading stk-block stk-a554ff4\" data-block-id=\"a554ff4\"><h2 class=\"stk-block-heading__text\"><\/h2><\/div>\n\n\n\n<div class=\"wp-block-stackable-subtitle stk-block-subtitle stk-block stk-032d6e0\" data-block-id=\"032d6e0\"><p class=\"stk-block-subtitle__text stk-subtitle\"><\/p><\/div>\n<\/div><\/div><a class=\"stk-link stk-block-link stk--transparent-overlay\" href=\"http:\/\/kfhvaeh.cluster031.hosting.ovh.net\/wp-content\/uploads\/2023\/01\/MetalFlashN151_Octobre2022.pdf\" aria-hidden=\"true\" tabindex=\"-1\" target=\"_blank\" rel=\"noreferrer noopener\"><\/a><\/div><\/div>\n\n\n\n<div class=\"wp-block-stackable-heading stk-block-heading stk-block stk-b0350e9\" id=\"em-metal-flash-em-n-141-rubrique-realisation-immeuble-de-1934-a-paris-2021\" data-block-id=\"b0350e9\"><h2 class=\"stk-block-heading__text\"><em> M\u00e9tal Flash<\/em> n\u00b0141, rubrique R\u00e9alisation \u00abImmeuble de 1934 \u00e0 Paris\u00bb, 2021<\/h2><\/div>\n\n\n\n<div class=\"wp-block-stackable-text stk-block-text stk-block stk-6802b93\" data-block-id=\"6802b93\"><p class=\"stk-block-text__text\">Un article sur une r\u00e9alisation exceptionnelle de remplacement de menuiseries : <a href=\"http:\/\/kfhvaeh.cluster031.hosting.ovh.net\/wp-content\/uploads\/2023\/01\/MetalFlashN141_Juin2021-1.pdf\" target=\"_blank\" rel=\"noreferrer noopener\">lire l&rsquo;article<\/a><\/p><\/div>\n\n\n\n<div class=\"wp-block-stackable-card stk-block-card stk-block stk-641960b is-style-horizontal\" data-block-id=\"641960b\"><style>.stk-641960b .stk-block-card__content{padding-left:48px !important}.stk-641960b .stk-block-card__image{width:500px !important}@media screen and (max-width:1023px){.stk-641960b .stk-block-card__image{width:300px !important}}@media screen and (max-width:767px){.stk-641960b .stk-block-card__image{width:0px !important}}<\/style><div class=\"stk--no-padding stk-container stk-641960b-container stk--no-background stk--no-padding\"><figure class=\"stk-block-card__image stk-img-wrapper stk-image--shape-stretch\"><img loading=\"lazy\" decoding=\"async\" class=\"stk-img wp-image-900\" src=\"http:\/\/kfhvaeh.cluster031.hosting.ovh.net\/wp-content\/uploads\/2023\/01\/Capture-decran-2023-01-05-a-18.18.16.png\" width=\"1432\" height=\"1876\" srcset=\"http:\/\/kfhvaeh.cluster031.hosting.ovh.net\/wp-content\/uploads\/2023\/01\/Capture-decran-2023-01-05-a-18.18.16.png 1432w, http:\/\/kfhvaeh.cluster031.hosting.ovh.net\/wp-content\/uploads\/2023\/01\/Capture-decran-2023-01-05-a-18.18.16-229x300.png 229w, http:\/\/kfhvaeh.cluster031.hosting.ovh.net\/wp-content\/uploads\/2023\/01\/Capture-decran-2023-01-05-a-18.18.16-782x1024.png 782w, http:\/\/kfhvaeh.cluster031.hosting.ovh.net\/wp-content\/uploads\/2023\/01\/Capture-decran-2023-01-05-a-18.18.16-768x1006.png 768w, http:\/\/kfhvaeh.cluster031.hosting.ovh.net\/wp-content\/uploads\/2023\/01\/Capture-decran-2023-01-05-a-18.18.16-1172x1536.png 1172w, http:\/\/kfhvaeh.cluster031.hosting.ovh.net\/wp-content\/uploads\/2023\/01\/Capture-decran-2023-01-05-a-18.18.16-300x393.png 300w, http:\/\/kfhvaeh.cluster031.hosting.ovh.net\/wp-content\/uploads\/2023\/01\/Capture-decran-2023-01-05-a-18.18.16-600x786.png 600w\" sizes=\"auto, (max-width: 1432px) 100vw, 1432px\" \/><\/figure><div class=\"stk-block-card__content\"><div class=\"stk-block-content stk-inner-blocks\">\n<div class=\"wp-block-stackable-heading stk-block-heading stk-block stk-d793c21\" data-block-id=\"d793c21\"><h2 class=\"stk-block-heading__text\"><\/h2><\/div>\n\n\n\n<div class=\"wp-block-stackable-subtitle stk-block-subtitle stk-block stk-1fd462b\" data-block-id=\"1fd462b\"><p class=\"stk-block-subtitle__text stk-subtitle\"><\/p><\/div>\n<\/div><\/div><a class=\"stk-link stk-block-link stk--transparent-overlay\" href=\"http:\/\/kfhvaeh.cluster031.hosting.ovh.net\/wp-content\/uploads\/2023\/01\/MetalFlashN141_Juin2021-1.pdf\" aria-hidden=\"true\" tabindex=\"-1\" target=\"_blank\" rel=\"noreferrer noopener\"><\/a><\/div><\/div>\n\n\n\n<div class=\"wp-block-stackable-heading stk-block-heading stk-block stk-af529d1\" id=\"em-metal-flash-em-n-140-nous-nallons-pas-nous-figer-2020\" data-block-id=\"af529d1\"><h2 class=\"stk-block-heading__text\"><em> M\u00e9tal Flash<\/em> n\u00b0140, \u00abNous n&rsquo;allons pas nous figer\u00bb, 2020<\/h2><\/div>\n\n\n\n<div class=\"wp-block-stackable-text stk-block-text stk-block stk-0106ffc\" data-block-id=\"0106ffc\"><p class=\"stk-block-text__text\">Un encart sur l&rsquo;entreprise pendant la pand\u00e9mie : <a href=\"http:\/\/kfhvaeh.cluster031.hosting.ovh.net\/wp-content\/uploads\/2023\/01\/MetalFlashN140_Juillet2020.pdf\" target=\"_blank\" rel=\"noreferrer noopener\">lire l&rsquo;article<\/a><\/p><\/div>\n\n\n\n<div class=\"wp-block-stackable-card stk-block-card stk-block stk-ed105e2 is-style-horizontal\" data-block-id=\"ed105e2\"><style>.stk-ed105e2 .stk-block-card__content{padding-left:48px !important}.stk-ed105e2 .stk-block-card__image{width:500px !important}@media screen and (max-width:1023px){.stk-ed105e2 .stk-block-card__image{width:300px !important}}@media screen and (max-width:767px){.stk-ed105e2 .stk-block-card__image{width:0px !important}}<\/style><div class=\"stk--no-padding stk-container stk-ed105e2-container stk--no-background stk--no-padding\"><figure class=\"stk-block-card__image stk-img-wrapper stk-image--shape-stretch\"><img loading=\"lazy\" decoding=\"async\" class=\"stk-img wp-image-895\" src=\"http:\/\/kfhvaeh.cluster031.hosting.ovh.net\/wp-content\/uploads\/2023\/01\/Capture-decran-2023-01-05-a-18.06.31.png\" width=\"1608\" height=\"1030\" srcset=\"http:\/\/kfhvaeh.cluster031.hosting.ovh.net\/wp-content\/uploads\/2023\/01\/Capture-decran-2023-01-05-a-18.06.31.png 1608w, http:\/\/kfhvaeh.cluster031.hosting.ovh.net\/wp-content\/uploads\/2023\/01\/Capture-decran-2023-01-05-a-18.06.31-300x192.png 300w, http:\/\/kfhvaeh.cluster031.hosting.ovh.net\/wp-content\/uploads\/2023\/01\/Capture-decran-2023-01-05-a-18.06.31-1024x656.png 1024w, http:\/\/kfhvaeh.cluster031.hosting.ovh.net\/wp-content\/uploads\/2023\/01\/Capture-decran-2023-01-05-a-18.06.31-768x492.png 768w, http:\/\/kfhvaeh.cluster031.hosting.ovh.net\/wp-content\/uploads\/2023\/01\/Capture-decran-2023-01-05-a-18.06.31-1536x984.png 1536w, http:\/\/kfhvaeh.cluster031.hosting.ovh.net\/wp-content\/uploads\/2023\/01\/Capture-decran-2023-01-05-a-18.06.31-600x384.png 600w\" sizes=\"auto, (max-width: 1608px) 100vw, 1608px\" \/><\/figure><div class=\"stk-block-card__content\"><div class=\"stk-block-content stk-inner-blocks\">\n<div class=\"wp-block-stackable-heading stk-block-heading stk-block stk-fb1cd51\" data-block-id=\"fb1cd51\"><h2 class=\"stk-block-heading__text\"><\/h2><\/div>\n\n\n\n<div class=\"wp-block-stackable-subtitle stk-block-subtitle stk-block stk-48814b3\" data-block-id=\"48814b3\"><p class=\"stk-block-subtitle__text stk-subtitle\"><\/p><\/div>\n<\/div><\/div><a class=\"stk-link stk-block-link stk--transparent-overlay\" href=\"http:\/\/kfhvaeh.cluster031.hosting.ovh.net\/wp-content\/uploads\/2023\/01\/MetalFlashN140_Juillet2020.pdf\" aria-hidden=\"true\" tabindex=\"-1\" target=\"_blank\" rel=\"noreferrer noopener\"><\/a><\/div><\/div>\n\n\n\n<div class=\"wp-block-stackable-heading stk-block-heading stk-block stk-41ec988\" id=\"em-metal-flash-em-n-137-rubrique-comment-font-ils-2019\" data-block-id=\"41ec988\"><h2 class=\"stk-block-heading__text\"><em> M\u00e9tal Flash<\/em> n\u00b0137, rubrique \u00abComment font-ils?\u00bb, 2019<\/h2><\/div>\n\n\n\n<div class=\"wp-block-stackable-text stk-block-text stk-block stk-b75ee7b\" data-block-id=\"b75ee7b\"><p class=\"stk-block-text__text\">Un article pour d\u00e9couvrir notre atelier et notre \u00e9quipe : <a href=\"http:\/\/kfhvaeh.cluster031.hosting.ovh.net\/wp-content\/uploads\/2023\/01\/MetalFlash137_Decembre2019.pdf\" target=\"_blank\" rel=\"noreferrer noopener\">lire l&rsquo;article<\/a><\/p><\/div>\n\n\n\n<div class=\"wp-block-stackable-card stk-block-card stk-block stk-da17f23 is-style-horizontal\" data-block-id=\"da17f23\"><style>.stk-da17f23 .stk-block-card__content{padding-left:48px !important}.stk-da17f23 .stk-block-card__image{width:500px !important}@media screen and (max-width:1023px){.stk-da17f23 .stk-block-card__image{width:300px !important}}@media screen and (max-width:767px){.stk-da17f23 .stk-block-card__image{width:0px !important}}<\/style><div class=\"stk--no-padding stk-container stk-da17f23-container stk--no-background stk--no-padding\"><figure class=\"stk-block-card__image stk-img-wrapper stk-image--shape-stretch\"><img loading=\"lazy\" decoding=\"async\" class=\"stk-img wp-image-758\" src=\"http:\/\/kfhvaeh.cluster031.hosting.ovh.net\/wp-content\/uploads\/2022\/12\/Capture-decran-2021-12-15-a-15.54.14.png\" width=\"1198\" height=\"1774\" srcset=\"http:\/\/kfhvaeh.cluster031.hosting.ovh.net\/wp-content\/uploads\/2022\/12\/Capture-decran-2021-12-15-a-15.54.14.png 1198w, http:\/\/kfhvaeh.cluster031.hosting.ovh.net\/wp-content\/uploads\/2022\/12\/Capture-decran-2021-12-15-a-15.54.14-203x300.png 203w, http:\/\/kfhvaeh.cluster031.hosting.ovh.net\/wp-content\/uploads\/2022\/12\/Capture-decran-2021-12-15-a-15.54.14-692x1024.png 692w, http:\/\/kfhvaeh.cluster031.hosting.ovh.net\/wp-content\/uploads\/2022\/12\/Capture-decran-2021-12-15-a-15.54.14-768x1137.png 768w, http:\/\/kfhvaeh.cluster031.hosting.ovh.net\/wp-content\/uploads\/2022\/12\/Capture-decran-2021-12-15-a-15.54.14-1037x1536.png 1037w, http:\/\/kfhvaeh.cluster031.hosting.ovh.net\/wp-content\/uploads\/2022\/12\/Capture-decran-2021-12-15-a-15.54.14-300x444.png 300w, http:\/\/kfhvaeh.cluster031.hosting.ovh.net\/wp-content\/uploads\/2022\/12\/Capture-decran-2021-12-15-a-15.54.14-600x888.png 600w\" sizes=\"auto, (max-width: 1198px) 100vw, 1198px\" \/><\/figure><div class=\"stk-block-card__content\"><div class=\"stk-block-content stk-inner-blocks\">\n<div class=\"wp-block-stackable-heading stk-block-heading stk-block stk-cab790b\" data-block-id=\"cab790b\"><h2 class=\"stk-block-heading__text\"><\/h2><\/div>\n\n\n\n<div class=\"wp-block-stackable-subtitle stk-block-subtitle stk-block stk-fa2febe\" data-block-id=\"fa2febe\"><p class=\"stk-block-subtitle__text stk-subtitle\"><\/p><\/div>\n<\/div><\/div><a class=\"stk-link stk-block-link stk--transparent-overlay\" href=\"http:\/\/kfhvaeh.cluster031.hosting.ovh.net\/wp-content\/uploads\/2023\/01\/MetalFlash137_Decembre2019.pdf\" aria-hidden=\"true\" tabindex=\"-1\" target=\"_blank\" rel=\"noreferrer noopener\"><\/a><\/div><\/div>\n\n\n\n<div class=\"wp-block-stackable-heading stk-block-heading stk-block stk-d58c56c\" id=\"em-la-republique-de-seine-et-marne-em-un-autre-regard-sur-lartisan-du-btp-77-2019\" data-block-id=\"d58c56c\"><h2 class=\"stk-block-heading__text\"><em>La R\u00e9publique de Seine-et-Marne<\/em> , Un autre regard sur l&rsquo;artisan du BTP 77, 2019<\/h2><\/div>\n\n\n\n<div class=\"wp-block-stackable-text stk-block-text stk-block stk-56e5dbb\" data-block-id=\"56e5dbb\"><p class=\"stk-block-text__text\">Un article r\u00e9gional qui parle de notre savoir-faire : <a href=\"http:\/\/kfhvaeh.cluster031.hosting.ovh.net\/wp-content\/uploads\/2023\/01\/LaRepubliquedeSeineetMarne_Mai2019.pdf\" target=\"_blank\" rel=\"noreferrer noopener\">lire l&rsquo;article<\/a><\/p><\/div>\n\n\n\n<div class=\"wp-block-stackable-card stk-block-card stk-block stk-e9f556f is-style-horizontal\" data-block-id=\"e9f556f\"><style>.stk-e9f556f .stk-block-card__content{padding-left:48px !important}.stk-e9f556f .stk-block-card__image{width:783px !important;height:100% !important}@media screen and (max-width:1023px){.stk-e9f556f .stk-block-card__image{width:300px !important}}@media screen and (max-width:767px){.stk-e9f556f .stk-block-card__image{width:0px !important}}<\/style><div class=\"stk--no-padding stk-container stk-e9f556f-container stk--no-background stk--no-padding\"><figure class=\"stk-block-card__image stk-img-wrapper stk-image--shape-stretch\"><img loading=\"lazy\" decoding=\"async\" class=\"stk-img wp-image-757\" src=\"http:\/\/kfhvaeh.cluster031.hosting.ovh.net\/wp-content\/uploads\/2022\/12\/Capture-decran-2021-12-15-a-15.53.13.png\" width=\"2310\" height=\"1408\" srcset=\"http:\/\/kfhvaeh.cluster031.hosting.ovh.net\/wp-content\/uploads\/2022\/12\/Capture-decran-2021-12-15-a-15.53.13.png 2310w, http:\/\/kfhvaeh.cluster031.hosting.ovh.net\/wp-content\/uploads\/2022\/12\/Capture-decran-2021-12-15-a-15.53.13-300x183.png 300w, http:\/\/kfhvaeh.cluster031.hosting.ovh.net\/wp-content\/uploads\/2022\/12\/Capture-decran-2021-12-15-a-15.53.13-1024x624.png 1024w, http:\/\/kfhvaeh.cluster031.hosting.ovh.net\/wp-content\/uploads\/2022\/12\/Capture-decran-2021-12-15-a-15.53.13-768x468.png 768w, http:\/\/kfhvaeh.cluster031.hosting.ovh.net\/wp-content\/uploads\/2022\/12\/Capture-decran-2021-12-15-a-15.53.13-1536x936.png 1536w, http:\/\/kfhvaeh.cluster031.hosting.ovh.net\/wp-content\/uploads\/2022\/12\/Capture-decran-2021-12-15-a-15.53.13-2048x1248.png 2048w, http:\/\/kfhvaeh.cluster031.hosting.ovh.net\/wp-content\/uploads\/2022\/12\/Capture-decran-2021-12-15-a-15.53.13-600x366.png 600w\" sizes=\"auto, (max-width: 2310px) 100vw, 2310px\" \/><\/figure><div class=\"stk-block-card__content\"><div class=\"stk-block-content stk-inner-blocks\">\n<div class=\"wp-block-stackable-button-group stk-block-button-group stk-block stk-a137c2f\" data-block-id=\"a137c2f\"><div class=\"stk-row stk-inner-blocks stk-block-content stk-button-group\">\n<div class=\"wp-block-stackable-button stk-block-button stk-block stk-dce0036\" data-block-id=\"dce0036\"><a class=\"stk-link stk-button stk--hover-effect-darken\" href=\"\"><span class=\"stk-button__inner-text\"><\/span><\/a><\/div>\n<\/div><\/div>\n<\/div><\/div><a class=\"stk-link stk-block-link stk--transparent-overlay\" href=\"http:\/\/kfhvaeh.cluster031.hosting.ovh.net\/wp-content\/uploads\/2023\/01\/LaRepubliquedeSeineetMarne_Mai2019.pdf\" aria-hidden=\"true\" tabindex=\"-1\" target=\"_blank\" rel=\"noreferrer noopener\"><\/a><\/div><\/div>\n<\/div><\/div><\/div>\n<\/div><\/div>\n","protected":false},"excerpt":{"rendered":"<p>M\u00e9tal Flash n\u00b0151, rubrique R\u00e9alisation \u00abBureau \u00e0 Paris 7\u00e8me\u00bb, 2022 Un article sur la transformation d&rsquo;un ancien garage automobile en bureaux : lire l&rsquo;article M\u00e9tal Flash n\u00b0141, rubrique R\u00e9alisation \u00abImmeuble de 1934 \u00e0 Paris\u00bb, 2021 Un article sur une r\u00e9alisation exceptionnelle de remplacement de menuiseries : lire l&rsquo;article M\u00e9tal Flash n\u00b0140, \u00abNous n&rsquo;allons pas nous figer\u00bb, 2020 Un encart sur l&rsquo;entreprise pendant la pand\u00e9mie : lire l&rsquo;article M\u00e9tal Flash n\u00b0137, rubrique \u00abComment font-ils?\u00bb, 2019 Un article pour d\u00e9couvrir notre atelier et notre \u00e9quipe : lire l&rsquo;article La R\u00e9publique de Seine-et-Marne , Un autre regard sur l&rsquo;artisan du BTP 77, 2019\u2026<\/p>\n","protected":false},"author":1,"featured_media":0,"parent":0,"menu_order":0,"comment_status":"closed","ping_status":"closed","template":"","meta":{"footnotes":""},"class_list":["post-303","page","type-page","status-publish","hentry"],"blocksy_meta":{"styles_descriptor":{"styles":{"desktop":"","tablet":"","mobile":""},"google_fonts":[],"version":5}},"featured_image_urls":{"full":"","thumbnail":"","medium":"","medium_large":"","large":"","1536x1536":"","2048x2048":"","woocommerce_thumbnail":"","woocommerce_single":"","woocommerce_gallery_thumbnail":""},"post_excerpt_stackable":"<p>M\u00e9tal Flash n\u00b0151, rubrique R\u00e9alisation \u00abBureau \u00e0 Paris 7\u00e8me\u00bb, 2022 Un article sur la transformation d&rsquo;un ancien garage automobile en bureaux : lire l&rsquo;article M\u00e9tal Flash n\u00b0141, rubrique R\u00e9alisation \u00abImmeuble de 1934 \u00e0 Paris\u00bb, 2021 Un article sur une r\u00e9alisation exceptionnelle de remplacement de menuiseries : lire l&rsquo;article M\u00e9tal Flash n\u00b0140, \u00abNous n&rsquo;allons pas nous figer\u00bb, 2020 Un encart sur l&rsquo;entreprise pendant la pand\u00e9mie : lire l&rsquo;article M\u00e9tal Flash n\u00b0137, rubrique \u00abComment font-ils?\u00bb, 2019 Un article pour d\u00e9couvrir notre atelier et notre \u00e9quipe : lire l&rsquo;article La R\u00e9publique de Seine-et-Marne , Un autre regard sur l&rsquo;artisan du BTP 77, 2019\u2026<\/p>\n","category_list":"","author_info":{"name":"admin9880","url":"http:\/\/kfhvaeh.cluster031.hosting.ovh.net\/index.php\/author\/admin9880\/"},"comments_num":"0 commentaire","_links":{"self":[{"href":"http:\/\/kfhvaeh.cluster031.hosting.ovh.net\/index.php\/wp-json\/wp\/v2\/pages\/303","targetHints":{"allow":["GET"]}}],"collection":[{"href":"http:\/\/kfhvaeh.cluster031.hosting.ovh.net\/index.php\/wp-json\/wp\/v2\/pages"}],"about":[{"href":"http:\/\/kfhvaeh.cluster031.hosting.ovh.net\/index.php\/wp-json\/wp\/v2\/types\/page"}],"author":[{"embeddable":true,"href":"http:\/\/kfhvaeh.cluster031.hosting.ovh.net\/index.php\/wp-json\/wp\/v2\/users\/1"}],"replies":[{"embeddable":true,"href":"http:\/\/kfhvaeh.cluster031.hosting.ovh.net\/index.php\/wp-json\/wp\/v2\/comments?post=303"}],"version-history":[{"count":19,"href":"http:\/\/kfhvaeh.cluster031.hosting.ovh.net\/index.php\/wp-json\/wp\/v2\/pages\/303\/revisions"}],"predecessor-version":[{"id":908,"href":"http:\/\/kfhvaeh.cluster031.hosting.ovh.net\/index.php\/wp-json\/wp\/v2\/pages\/303\/revisions\/908"}],"wp:attachment":[{"href":"http:\/\/kfhvaeh.cluster031.hosting.ovh.net\/index.php\/wp-json\/wp\/v2\/media?parent=303"}],"curies":[{"name":"wp","href":"https:\/\/api.w.org\/{rel}","templated":true}]}}